{"id":4061,"date":"2024-02-25T12:32:17","date_gmt":"2024-02-25T11:32:17","guid":{"rendered":"https:\/\/www.lamazelle.be\/?page_id=4061"},"modified":"2024-02-25T12:32:44","modified_gmt":"2024-02-25T11:32:44","slug":"album-au-fil-des-ans","status":"publish","type":"page","link":"https:\/\/www.lamazelle.be\/?page_id=4061","title":{"rendered":"Album au fil des ans"},"content":{"rendered":"<!-- default-view.php -->\n<div\n\tclass=\"ngg-galleryoverview default-view \n\t\t\"\n\tid=\"ngg-gallery-f0cca94ffc0a063a8e3a39f652ebbbcb-1\">\n\n\t\t<!-- Thumbnails -->\n\t\t\t\t<div id=\"ngg-image-0\" class=\"ngg-gallery-thumbnail-box \n\t\t\t\t\t\t\t\t\t\t\t\" \n\t\t\t>\n\t\t\t\t\t\t<div class=\"ngg-gallery-thumbnail\">\n\t\t\t<a href=\"https:\/\/www.lamazelle.be\/wp-content\/gallery\/mazelle-batiment\/29-Juillet-2012-.jpg\"\n\t\t\t\ttitle=\"\"\n\t\t\t\tdata-src=\"https:\/\/www.lamazelle.be\/wp-content\/gallery\/mazelle-batiment\/29-Juillet-2012-.jpg\"\n\t\t\t\tdata-thumbnail=\"https:\/\/www.lamazelle.be\/wp-content\/gallery\/mazelle-batiment\/thumbs\/thumbs-29-Juillet-2012-.jpg\"\n\t\t\t\tdata-image-id=\"524\"\n\t\t\t\tdata-title=\"29-Juillet-2012-\"\n\t\t\t\tdata-description=\"\"\n\t\t\t\tdata-image-slug=\"29-juillet-2012\"\n\t\t\t\tclass='use_imagebrowser_effect' data-imagebrowser-url='https:\/\/www.lamazelle.be\/index.php\/nggallery\/image\/%STUB%?page_id=4061'>\n\t\t\t\t<img\n\t\t\t\t\ttitle=\"29-Juillet-2012-\"\n\t\t\t\t\talt=\"29-Juillet-2012-\"\n\t\t\t\t\tsrc=\"https:\/\/www.lamazelle.be\/wp-content\/gallery\/mazelle-batiment\/cache\/29-Juillet-2012-.jpg-nggid03524-ngg0dyn-120x100x100-00f0w010c011r110f110r010t010.jpg\"\n\t\t\t\t\twidth=\"120\"\n\t\t\t\t\theight=\"100\"\n\t\t\t\t\tstyle=\"max-width:100%;\"\n\t\t\t\t\/>\n\t\t\t<\/a>\n\t\t<\/div>\n\t\t\t\t\t\t\t<\/div> \n\t\t\t\n\t\t\t\t<div id=\"ngg-image-1\" class=\"ngg-gallery-thumbnail-box \n\t\t\t\t\t\t\t\t\t\t\t\" \n\t\t\t>\n\t\t\t\t\t\t<div class=\"ngg-gallery-thumbnail\">\n\t\t\t<a href=\"https:\/\/www.lamazelle.be\/wp-content\/gallery\/mazelle-batiment\/3-mai-2015.JPG\"\n\t\t\t\ttitle=\"La potale \u00e9rig\u00e9e pr\u00e8s des \u00e9tangs par Henry de Radzitzky  le 21 juillet 2009\"\n\t\t\t\tdata-src=\"https:\/\/www.lamazelle.be\/wp-content\/gallery\/mazelle-batiment\/3-mai-2015.JPG\"\n\t\t\t\tdata-thumbnail=\"https:\/\/www.lamazelle.be\/wp-content\/gallery\/mazelle-batiment\/thumbs\/thumbs-3-mai-2015.JPG\"\n\t\t\t\tdata-image-id=\"525\"\n\t\t\t\tdata-title=\"3-mai-2015\"\n\t\t\t\tdata-description=\"La potale \u00e9rig\u00e9e pr\u00e8s des \u00e9tangs par Henry de Radzitzky  le 21 juillet 2009\"\n\t\t\t\tdata-image-slug=\"3-mai-2015\"\n\t\t\t\tclass='use_imagebrowser_effect' data-imagebrowser-url='https:\/\/www.lamazelle.be\/index.php\/nggallery\/image\/%STUB%?page_id=4061'>\n\t\t\t\t<img\n\t\t\t\t\ttitle=\"3-mai-2015\"\n\t\t\t\t\talt=\"3-mai-2015\"\n\t\t\t\t\tsrc=\"https:\/\/www.lamazelle.be\/wp-content\/gallery\/mazelle-batiment\/cache\/3-mai-2015.JPG-nggid03525-ngg0dyn-120x100x100-00f0w010c011r110f110r010t010.JPG\"\n\t\t\t\t\twidth=\"120\"\n\t\t\t\t\theight=\"100\"\n\t\t\t\t\tstyle=\"max-width:100%;\"\n\t\t\t\t\/>\n\t\t\t<\/a>\n\t\t<\/div>\n\t\t\t\t\t\t\t<\/div> \n\t\t\t\n\t\t\t\t<div id=\"ngg-image-2\" class=\"ngg-gallery-thumbnail-box \n\t\t\t\t\t\t\t\t\t\t\t\" \n\t\t\t>\n\t\t\t\t\t\t<div class=\"ngg-gallery-thumbnail\">\n\t\t\t<a href=\"https:\/\/www.lamazelle.be\/wp-content\/gallery\/mazelle-batiment\/6-juillet-2015.JPG\"\n\t\t\t\ttitle=\"La cour, vue vers le porche (autrefois l&#039;entr\u00e9e de la cour, puis consacr\u00e9 au chai par Monsieur Herman Willems)\"\n\t\t\t\tdata-src=\"https:\/\/www.lamazelle.be\/wp-content\/gallery\/mazelle-batiment\/6-juillet-2015.JPG\"\n\t\t\t\tdata-thumbnail=\"https:\/\/www.lamazelle.be\/wp-content\/gallery\/mazelle-batiment\/thumbs\/thumbs-6-juillet-2015.JPG\"\n\t\t\t\tdata-image-id=\"526\"\n\t\t\t\tdata-title=\"6-juillet-2015\"\n\t\t\t\tdata-description=\"La cour, vue vers le porche (autrefois l&#039;entr\u00e9e de la cour, puis consacr\u00e9 au chai par Monsieur Herman Willems)\"\n\t\t\t\tdata-image-slug=\"6-juillet-2015\"\n\t\t\t\tclass='use_imagebrowser_effect' data-imagebrowser-url='https:\/\/www.lamazelle.be\/index.php\/nggallery\/image\/%STUB%?page_id=4061'>\n\t\t\t\t<img\n\t\t\t\t\ttitle=\"6-juillet-2015\"\n\t\t\t\t\talt=\"6-juillet-2015\"\n\t\t\t\t\tsrc=\"https:\/\/www.lamazelle.be\/wp-content\/gallery\/mazelle-batiment\/cache\/6-juillet-2015.JPG-nggid03526-ngg0dyn-120x100x100-00f0w010c011r110f110r010t010.JPG\"\n\t\t\t\t\twidth=\"120\"\n\t\t\t\t\theight=\"100\"\n\t\t\t\t\tstyle=\"max-width:100%;\"\n\t\t\t\t\/>\n\t\t\t<\/a>\n\t\t<\/div>\n\t\t\t\t\t\t\t<\/div> \n\t\t\t\n\t\t\t\t<div id=\"ngg-image-3\" class=\"ngg-gallery-thumbnail-box \n\t\t\t\t\t\t\t\t\t\t\t\" \n\t\t\t>\n\t\t\t\t\t\t<div class=\"ngg-gallery-thumbnail\">\n\t\t\t<a href=\"https:\/\/www.lamazelle.be\/wp-content\/gallery\/mazelle-batiment\/Debut-du-20eme-siecle.jpg\"\n\t\t\t\ttitle=\"La parapette au d\u00e9but du 20\u00e8me si\u00e8cle. Le h\u00eatre &quot;mesure 3m de circonf\u00e9rence \u00e0 hauteur de l&#039;\u0153il&quot;\"\n\t\t\t\tdata-src=\"https:\/\/www.lamazelle.be\/wp-content\/gallery\/mazelle-batiment\/Debut-du-20eme-siecle.jpg\"\n\t\t\t\tdata-thumbnail=\"https:\/\/www.lamazelle.be\/wp-content\/gallery\/mazelle-batiment\/thumbs\/thumbs-Debut-du-20eme-siecle.jpg\"\n\t\t\t\tdata-image-id=\"529\"\n\t\t\t\tdata-title=\"Debut-du-20eme-siecle\"\n\t\t\t\tdata-description=\"La parapette au d\u00e9but du 20\u00e8me si\u00e8cle. Le h\u00eatre &quot;mesure 3m de circonf\u00e9rence \u00e0 hauteur de l&#039;\u0153il&quot;\"\n\t\t\t\tdata-image-slug=\"debut-du-20eme-siecle\"\n\t\t\t\tclass='use_imagebrowser_effect' data-imagebrowser-url='https:\/\/www.lamazelle.be\/index.php\/nggallery\/image\/%STUB%?page_id=4061'>\n\t\t\t\t<img\n\t\t\t\t\ttitle=\"Debut-du-20eme-siecle\"\n\t\t\t\t\talt=\"Debut-du-20eme-siecle\"\n\t\t\t\t\tsrc=\"https:\/\/www.lamazelle.be\/wp-content\/gallery\/mazelle-batiment\/cache\/Debut-du-20eme-siecle.jpg-nggid03529-ngg0dyn-120x100x100-00f0w010c011r110f110r010t010.jpg\"\n\t\t\t\t\twidth=\"120\"\n\t\t\t\t\theight=\"100\"\n\t\t\t\t\tstyle=\"max-width:100%;\"\n\t\t\t\t\/>\n\t\t\t<\/a>\n\t\t<\/div>\n\t\t\t\t\t\t\t<\/div> \n\t\t\t\n\t\t\t\t<div id=\"ngg-image-4\" class=\"ngg-gallery-thumbnail-box \n\t\t\t\t\t\t\t\t\t\t\t\" \n\t\t\t>\n\t\t\t\t\t\t<div class=\"ngg-gallery-thumbnail\">\n\t\t\t<a href=\"https:\/\/www.lamazelle.be\/wp-content\/gallery\/mazelle-batiment\/Mai-2015.JPG\"\n\t\t\t\ttitle=\"La parpette restaur\u00e9e  par la famille Radzitzky\"\n\t\t\t\tdata-src=\"https:\/\/www.lamazelle.be\/wp-content\/gallery\/mazelle-batiment\/Mai-2015.JPG\"\n\t\t\t\tdata-thumbnail=\"https:\/\/www.lamazelle.be\/wp-content\/gallery\/mazelle-batiment\/thumbs\/thumbs-Mai-2015.JPG\"\n\t\t\t\tdata-image-id=\"264\"\n\t\t\t\tdata-title=\"Mai-2015\"\n\t\t\t\tdata-description=\"La parpette restaur\u00e9e  par la famille Radzitzky\"\n\t\t\t\tdata-image-slug=\"mai-2015\"\n\t\t\t\tclass='use_imagebrowser_effect' data-imagebrowser-url='https:\/\/www.lamazelle.be\/index.php\/nggallery\/image\/%STUB%?page_id=4061'>\n\t\t\t\t<img\n\t\t\t\t\ttitle=\"Mai-2015\"\n\t\t\t\t\talt=\"Mai-2015\"\n\t\t\t\t\tsrc=\"https:\/\/www.lamazelle.be\/wp-content\/gallery\/mazelle-batiment\/cache\/Mai-2015.JPG-nggid03264-ngg0dyn-120x100x100-00f0w010c011r110f110r010t010.JPG\"\n\t\t\t\t\twidth=\"120\"\n\t\t\t\t\theight=\"100\"\n\t\t\t\t\tstyle=\"max-width:100%;\"\n\t\t\t\t\/>\n\t\t\t<\/a>\n\t\t<\/div>\n\t\t\t\t\t\t\t<\/div> \n\t\t\t\n\t\t\t\t<div id=\"ngg-image-5\" class=\"ngg-gallery-thumbnail-box \n\t\t\t\t\t\t\t\t\t\t\t\" \n\t\t\t>\n\t\t\t\t\t\t<div class=\"ngg-gallery-thumbnail\">\n\t\t\t<a href=\"https:\/\/www.lamazelle.be\/wp-content\/gallery\/mazelle-batiment\/27-zvril-2020.JPG\"\n\t\t\t\ttitle=\"\"\n\t\t\t\tdata-src=\"https:\/\/www.lamazelle.be\/wp-content\/gallery\/mazelle-batiment\/27-zvril-2020.JPG\"\n\t\t\t\tdata-thumbnail=\"https:\/\/www.lamazelle.be\/wp-content\/gallery\/mazelle-batiment\/thumbs\/thumbs-27-zvril-2020.JPG\"\n\t\t\t\tdata-image-id=\"534\"\n\t\t\t\tdata-title=\"27-zvril-2020\"\n\t\t\t\tdata-description=\"\"\n\t\t\t\tdata-image-slug=\"27-zvril-2020\"\n\t\t\t\tclass='use_imagebrowser_effect' data-imagebrowser-url='https:\/\/www.lamazelle.be\/index.php\/nggallery\/image\/%STUB%?page_id=4061'>\n\t\t\t\t<img\n\t\t\t\t\ttitle=\"27-zvril-2020\"\n\t\t\t\t\talt=\"27-zvril-2020\"\n\t\t\t\t\tsrc=\"https:\/\/www.lamazelle.be\/wp-content\/gallery\/mazelle-batiment\/cache\/27-zvril-2020.JPG-nggid03534-ngg0dyn-120x100x100-00f0w010c011r110f110r010t010.JPG\"\n\t\t\t\t\twidth=\"120\"\n\t\t\t\t\theight=\"100\"\n\t\t\t\t\tstyle=\"max-width:100%;\"\n\t\t\t\t\/>\n\t\t\t<\/a>\n\t\t<\/div>\n\t\t\t\t\t\t\t<\/div> \n\t\t\t\n\t\t\t\t<div id=\"ngg-image-6\" class=\"ngg-gallery-thumbnail-box \n\t\t\t\t\t\t\t\t\t\t\t\" \n\t\t\t>\n\t\t\t\t\t\t<div class=\"ngg-gallery-thumbnail\">\n\t\t\t<a href=\"https:\/\/www.lamazelle.be\/wp-content\/gallery\/mazelle-batiment\/17-novembre-2018.JPG\"\n\t\t\t\ttitle=\"\"\n\t\t\t\tdata-src=\"https:\/\/www.lamazelle.be\/wp-content\/gallery\/mazelle-batiment\/17-novembre-2018.JPG\"\n\t\t\t\tdata-thumbnail=\"https:\/\/www.lamazelle.be\/wp-content\/gallery\/mazelle-batiment\/thumbs\/thumbs-17-novembre-2018.JPG\"\n\t\t\t\tdata-image-id=\"537\"\n\t\t\t\tdata-title=\"17-novembre-2018\"\n\t\t\t\tdata-description=\"\"\n\t\t\t\tdata-image-slug=\"17-novembre-2018\"\n\t\t\t\tclass='use_imagebrowser_effect' data-imagebrowser-url='https:\/\/www.lamazelle.be\/index.php\/nggallery\/image\/%STUB%?page_id=4061'>\n\t\t\t\t<img\n\t\t\t\t\ttitle=\"17-novembre-2018\"\n\t\t\t\t\talt=\"17-novembre-2018\"\n\t\t\t\t\tsrc=\"https:\/\/www.lamazelle.be\/wp-content\/gallery\/mazelle-batiment\/cache\/17-novembre-2018.JPG-nggid03537-ngg0dyn-120x100x100-00f0w010c011r110f110r010t010.JPG\"\n\t\t\t\t\twidth=\"120\"\n\t\t\t\t\theight=\"100\"\n\t\t\t\t\tstyle=\"max-width:100%;\"\n\t\t\t\t\/>\n\t\t\t<\/a>\n\t\t<\/div>\n\t\t\t\t\t\t\t<\/div> \n\t\t\t\n\t\t\t\t<div id=\"ngg-image-7\" class=\"ngg-gallery-thumbnail-box \n\t\t\t\t\t\t\t\t\t\t\t\" \n\t\t\t>\n\t\t\t\t\t\t<div class=\"ngg-gallery-thumbnail\">\n\t\t\t<a href=\"https:\/\/www.lamazelle.be\/wp-content\/gallery\/mazelle-batiment\/23-juin-2020.JPG\"\n\t\t\t\ttitle=\"\"\n\t\t\t\tdata-src=\"https:\/\/www.lamazelle.be\/wp-content\/gallery\/mazelle-batiment\/23-juin-2020.JPG\"\n\t\t\t\tdata-thumbnail=\"https:\/\/www.lamazelle.be\/wp-content\/gallery\/mazelle-batiment\/thumbs\/thumbs-23-juin-2020.JPG\"\n\t\t\t\tdata-image-id=\"538\"\n\t\t\t\tdata-title=\"23-juin-2020\"\n\t\t\t\tdata-description=\"\"\n\t\t\t\tdata-image-slug=\"23-juin-2020\"\n\t\t\t\tclass='use_imagebrowser_effect' data-imagebrowser-url='https:\/\/www.lamazelle.be\/index.php\/nggallery\/image\/%STUB%?page_id=4061'>\n\t\t\t\t<img\n\t\t\t\t\ttitle=\"23-juin-2020\"\n\t\t\t\t\talt=\"23-juin-2020\"\n\t\t\t\t\tsrc=\"https:\/\/www.lamazelle.be\/wp-content\/gallery\/mazelle-batiment\/cache\/23-juin-2020.JPG-nggid03538-ngg0dyn-120x100x100-00f0w010c011r110f110r010t010.JPG\"\n\t\t\t\t\twidth=\"120\"\n\t\t\t\t\theight=\"100\"\n\t\t\t\t\tstyle=\"max-width:100%;\"\n\t\t\t\t\/>\n\t\t\t<\/a>\n\t\t<\/div>\n\t\t\t\t\t\t\t<\/div> \n\t\t\t\n\t\t\t\t<div id=\"ngg-image-8\" class=\"ngg-gallery-thumbnail-box \n\t\t\t\t\t\t\t\t\t\t\t\" \n\t\t\t>\n\t\t\t\t\t\t<div class=\"ngg-gallery-thumbnail\">\n\t\t\t<a href=\"https:\/\/www.lamazelle.be\/wp-content\/gallery\/mazelle-batiment\/25-mai-2018.JPG\"\n\t\t\t\ttitle=\"\"\n\t\t\t\tdata-src=\"https:\/\/www.lamazelle.be\/wp-content\/gallery\/mazelle-batiment\/25-mai-2018.JPG\"\n\t\t\t\tdata-thumbnail=\"https:\/\/www.lamazelle.be\/wp-content\/gallery\/mazelle-batiment\/thumbs\/thumbs-25-mai-2018.JPG\"\n\t\t\t\tdata-image-id=\"543\"\n\t\t\t\tdata-title=\"25-mai-2018\"\n\t\t\t\tdata-description=\"\"\n\t\t\t\tdata-image-slug=\"25-mai-2018\"\n\t\t\t\tclass='use_imagebrowser_effect' data-imagebrowser-url='https:\/\/www.lamazelle.be\/index.php\/nggallery\/image\/%STUB%?page_id=4061'>\n\t\t\t\t<img\n\t\t\t\t\ttitle=\"25-mai-2018\"\n\t\t\t\t\talt=\"25-mai-2018\"\n\t\t\t\t\tsrc=\"https:\/\/www.lamazelle.be\/wp-content\/gallery\/mazelle-batiment\/cache\/25-mai-2018.JPG-nggid03543-ngg0dyn-120x100x100-00f0w010c011r110f110r010t010.JPG\"\n\t\t\t\t\twidth=\"120\"\n\t\t\t\t\theight=\"100\"\n\t\t\t\t\tstyle=\"max-width:100%;\"\n\t\t\t\t\/>\n\t\t\t<\/a>\n\t\t<\/div>\n\t\t\t\t\t\t\t<\/div> \n\t\t\t\n\t\t\t\t<div id=\"ngg-image-9\" class=\"ngg-gallery-thumbnail-box \n\t\t\t\t\t\t\t\t\t\t\t\" \n\t\t\t>\n\t\t\t\t\t\t<div class=\"ngg-gallery-thumbnail\">\n\t\t\t<a href=\"https:\/\/www.lamazelle.be\/wp-content\/gallery\/mazelle-batiment\/Du-temps-du-Ministre-Albert-Deveze.jpg\"\n\t\t\t\ttitle=\"La cour au temps du Ministre Albert Dev\u00e8ze\"\n\t\t\t\tdata-src=\"https:\/\/www.lamazelle.be\/wp-content\/gallery\/mazelle-batiment\/Du-temps-du-Ministre-Albert-Deveze.jpg\"\n\t\t\t\tdata-thumbnail=\"https:\/\/www.lamazelle.be\/wp-content\/gallery\/mazelle-batiment\/thumbs\/thumbs-Du-temps-du-Ministre-Albert-Deveze.jpg\"\n\t\t\t\tdata-image-id=\"257\"\n\t\t\t\tdata-title=\"Du-temps-du-Ministre-Albert-Deveze\"\n\t\t\t\tdata-description=\"La cour au temps du Ministre Albert Dev\u00e8ze\"\n\t\t\t\tdata-image-slug=\"du-temps-du-ministre-albert-deveze\"\n\t\t\t\tclass='use_imagebrowser_effect' data-imagebrowser-url='https:\/\/www.lamazelle.be\/index.php\/nggallery\/image\/%STUB%?page_id=4061'>\n\t\t\t\t<img\n\t\t\t\t\ttitle=\"Du-temps-du-Ministre-Albert-Deveze\"\n\t\t\t\t\talt=\"Du-temps-du-Ministre-Albert-Deveze\"\n\t\t\t\t\tsrc=\"https:\/\/www.lamazelle.be\/wp-content\/gallery\/mazelle-batiment\/cache\/Du-temps-du-Ministre-Albert-Deveze.jpg-nggid03257-ngg0dyn-120x100x100-00f0w010c011r110f110r010t010.jpg\"\n\t\t\t\t\twidth=\"120\"\n\t\t\t\t\theight=\"100\"\n\t\t\t\t\tstyle=\"max-width:100%;\"\n\t\t\t\t\/>\n\t\t\t<\/a>\n\t\t<\/div>\n\t\t\t\t\t\t\t<\/div> \n\t\t\t\n\t\t\t\t<div id=\"ngg-image-10\" class=\"ngg-gallery-thumbnail-box \n\t\t\t\t\t\t\t\t\t\t\t\" \n\t\t\t>\n\t\t\t\t\t\t<div class=\"ngg-gallery-thumbnail\">\n\t\t\t<a href=\"https:\/\/www.lamazelle.be\/wp-content\/gallery\/mazelle-batiment\/Au-temps-du-Ministre-Albert-Deveze.jpg\"\n\t\t\t\ttitle=\"La cour au temps du Ministre Albert Dev\u00e8ze\"\n\t\t\t\tdata-src=\"https:\/\/www.lamazelle.be\/wp-content\/gallery\/mazelle-batiment\/Au-temps-du-Ministre-Albert-Deveze.jpg\"\n\t\t\t\tdata-thumbnail=\"https:\/\/www.lamazelle.be\/wp-content\/gallery\/mazelle-batiment\/thumbs\/thumbs-Au-temps-du-Ministre-Albert-Deveze.jpg\"\n\t\t\t\tdata-image-id=\"258\"\n\t\t\t\tdata-title=\"Au-temps-du-Ministre-Albert-Deveze\"\n\t\t\t\tdata-description=\"La cour au temps du Ministre Albert Dev\u00e8ze\"\n\t\t\t\tdata-image-slug=\"au-temps-du-ministre-albert-deveze\"\n\t\t\t\tclass='use_imagebrowser_effect' data-imagebrowser-url='https:\/\/www.lamazelle.be\/index.php\/nggallery\/image\/%STUB%?page_id=4061'>\n\t\t\t\t<img\n\t\t\t\t\ttitle=\"Au-temps-du-Ministre-Albert-Deveze\"\n\t\t\t\t\talt=\"Au-temps-du-Ministre-Albert-Deveze\"\n\t\t\t\t\tsrc=\"https:\/\/www.lamazelle.be\/wp-content\/gallery\/mazelle-batiment\/cache\/Au-temps-du-Ministre-Albert-Deveze.jpg-nggid03258-ngg0dyn-120x100x100-00f0w010c011r110f110r010t010.jpg\"\n\t\t\t\t\twidth=\"120\"\n\t\t\t\t\theight=\"100\"\n\t\t\t\t\tstyle=\"max-width:100%;\"\n\t\t\t\t\/>\n\t\t\t<\/a>\n\t\t<\/div>\n\t\t\t\t\t\t\t<\/div> \n\t\t\t\n\t\t\t\t<div id=\"ngg-image-11\" class=\"ngg-gallery-thumbnail-box \n\t\t\t\t\t\t\t\t\t\t\t\" \n\t\t\t>\n\t\t\t\t\t\t<div class=\"ngg-gallery-thumbnail\">\n\t\t\t<a href=\"https:\/\/www.lamazelle.be\/wp-content\/gallery\/mazelle-batiment\/Du-temps-du-Notaire-Maillard.jpg\"\n\t\t\t\ttitle=\"La cour du temps du Notaire Maillard\"\n\t\t\t\tdata-src=\"https:\/\/www.lamazelle.be\/wp-content\/gallery\/mazelle-batiment\/Du-temps-du-Notaire-Maillard.jpg\"\n\t\t\t\tdata-thumbnail=\"https:\/\/www.lamazelle.be\/wp-content\/gallery\/mazelle-batiment\/thumbs\/thumbs-Du-temps-du-Notaire-Maillard.jpg\"\n\t\t\t\tdata-image-id=\"260\"\n\t\t\t\tdata-title=\"Du-temps-du-Notaire-Maillard\"\n\t\t\t\tdata-description=\"La cour du temps du Notaire Maillard\"\n\t\t\t\tdata-image-slug=\"du-temps-du-notaire-maillard\"\n\t\t\t\tclass='use_imagebrowser_effect' data-imagebrowser-url='https:\/\/www.lamazelle.be\/index.php\/nggallery\/image\/%STUB%?page_id=4061'>\n\t\t\t\t<img\n\t\t\t\t\ttitle=\"Du-temps-du-Notaire-Maillard\"\n\t\t\t\t\talt=\"Du-temps-du-Notaire-Maillard\"\n\t\t\t\t\tsrc=\"https:\/\/www.lamazelle.be\/wp-content\/gallery\/mazelle-batiment\/cache\/Du-temps-du-Notaire-Maillard.jpg-nggid03260-ngg0dyn-120x100x100-00f0w010c011r110f110r010t010.jpg\"\n\t\t\t\t\twidth=\"120\"\n\t\t\t\t\theight=\"100\"\n\t\t\t\t\tstyle=\"max-width:100%;\"\n\t\t\t\t\/>\n\t\t\t<\/a>\n\t\t<\/div>\n\t\t\t\t\t\t\t<\/div> \n\t\t\t\n\t\t\t\t<div id=\"ngg-image-12\" class=\"ngg-gallery-thumbnail-box \n\t\t\t\t\t\t\t\t\t\t\t\" \n\t\t\t>\n\t\t\t\t\t\t<div class=\"ngg-gallery-thumbnail\">\n\t\t\t<a href=\"https:\/\/www.lamazelle.be\/wp-content\/gallery\/mazelle-batiment\/Juillet-2012.jpg\"\n\t\t\t\ttitle=\"Paysage en vue a\u00e9rienne (avant l&#039;\u00e9rection d&#039;\u00e9oliennes \u00e0 Grandrieu)\"\n\t\t\t\tdata-src=\"https:\/\/www.lamazelle.be\/wp-content\/gallery\/mazelle-batiment\/Juillet-2012.jpg\"\n\t\t\t\tdata-thumbnail=\"https:\/\/www.lamazelle.be\/wp-content\/gallery\/mazelle-batiment\/thumbs\/thumbs-Juillet-2012.jpg\"\n\t\t\t\tdata-image-id=\"268\"\n\t\t\t\tdata-title=\"Juillet-2012\"\n\t\t\t\tdata-description=\"Paysage en vue a\u00e9rienne (avant l&#039;\u00e9rection d&#039;\u00e9oliennes \u00e0 Grandrieu)\"\n\t\t\t\tdata-image-slug=\"juillet-2012\"\n\t\t\t\tclass='use_imagebrowser_effect' data-imagebrowser-url='https:\/\/www.lamazelle.be\/index.php\/nggallery\/image\/%STUB%?page_id=4061'>\n\t\t\t\t<img\n\t\t\t\t\ttitle=\"Juillet-2012\"\n\t\t\t\t\talt=\"Juillet-2012\"\n\t\t\t\t\tsrc=\"https:\/\/www.lamazelle.be\/wp-content\/gallery\/mazelle-batiment\/cache\/Juillet-2012.jpg-nggid03268-ngg0dyn-120x100x100-00f0w010c011r110f110r010t010.jpg\"\n\t\t\t\t\twidth=\"120\"\n\t\t\t\t\theight=\"100\"\n\t\t\t\t\tstyle=\"max-width:100%;\"\n\t\t\t\t\/>\n\t\t\t<\/a>\n\t\t<\/div>\n\t\t\t\t\t\t\t<\/div> \n\t\t\t\n\t\t\t\t<div id=\"ngg-image-13\" class=\"ngg-gallery-thumbnail-box \n\t\t\t\t\t\t\t\t\t\t\t\" \n\t\t\t>\n\t\t\t\t\t\t<div class=\"ngg-gallery-thumbnail\">\n\t\t\t<a href=\"https:\/\/www.lamazelle.be\/wp-content\/gallery\/mazelle-batiment\/Au-temps-du-Notaire-Maillard.jpg\"\n\t\t\t\ttitle=\"Vue a\u00e9rienne au temps du Notaire Maillard\"\n\t\t\t\tdata-src=\"https:\/\/www.lamazelle.be\/wp-content\/gallery\/mazelle-batiment\/Au-temps-du-Notaire-Maillard.jpg\"\n\t\t\t\tdata-thumbnail=\"https:\/\/www.lamazelle.be\/wp-content\/gallery\/mazelle-batiment\/thumbs\/thumbs-Au-temps-du-Notaire-Maillard.jpg\"\n\t\t\t\tdata-image-id=\"262\"\n\t\t\t\tdata-title=\"Au-temps-du-Notaire-Maillard\"\n\t\t\t\tdata-description=\"Vue a\u00e9rienne au temps du Notaire Maillard\"\n\t\t\t\tdata-image-slug=\"au-temps-du-notaire-maillard\"\n\t\t\t\tclass='use_imagebrowser_effect' data-imagebrowser-url='https:\/\/www.lamazelle.be\/index.php\/nggallery\/image\/%STUB%?page_id=4061'>\n\t\t\t\t<img\n\t\t\t\t\ttitle=\"Au-temps-du-Notaire-Maillard\"\n\t\t\t\t\talt=\"Au-temps-du-Notaire-Maillard\"\n\t\t\t\t\tsrc=\"https:\/\/www.lamazelle.be\/wp-content\/gallery\/mazelle-batiment\/cache\/Au-temps-du-Notaire-Maillard.jpg-nggid03262-ngg0dyn-120x100x100-00f0w010c011r110f110r010t010.jpg\"\n\t\t\t\t\twidth=\"120\"\n\t\t\t\t\theight=\"100\"\n\t\t\t\t\tstyle=\"max-width:100%;\"\n\t\t\t\t\/>\n\t\t\t<\/a>\n\t\t<\/div>\n\t\t\t\t\t\t\t<\/div> \n\t\t\t\n\t\t\t\t<div id=\"ngg-image-14\" class=\"ngg-gallery-thumbnail-box \n\t\t\t\t\t\t\t\t\t\t\t\" \n\t\t\t>\n\t\t\t\t\t\t<div class=\"ngg-gallery-thumbnail\">\n\t\t\t<a href=\"https:\/\/www.lamazelle.be\/wp-content\/gallery\/mazelle-batiment\/Octobre-2015.JPG\"\n\t\t\t\ttitle=\"Vue depuis le massif d&#039;Hydrangeas (collection le long de l&#039;all\u00e9e d&#039;entr\u00e9e actuelle vers la cour)\"\n\t\t\t\tdata-src=\"https:\/\/www.lamazelle.be\/wp-content\/gallery\/mazelle-batiment\/Octobre-2015.JPG\"\n\t\t\t\tdata-thumbnail=\"https:\/\/www.lamazelle.be\/wp-content\/gallery\/mazelle-batiment\/thumbs\/thumbs-Octobre-2015.JPG\"\n\t\t\t\tdata-image-id=\"267\"\n\t\t\t\tdata-title=\"Octobre-2015\"\n\t\t\t\tdata-description=\"Vue depuis le massif d&#039;Hydrangeas (collection le long de l&#039;all\u00e9e d&#039;entr\u00e9e actuelle vers la cour)\"\n\t\t\t\tdata-image-slug=\"octobre-2015\"\n\t\t\t\tclass='use_imagebrowser_effect' data-imagebrowser-url='https:\/\/www.lamazelle.be\/index.php\/nggallery\/image\/%STUB%?page_id=4061'>\n\t\t\t\t<img\n\t\t\t\t\ttitle=\"Octobre-2015\"\n\t\t\t\t\talt=\"Octobre-2015\"\n\t\t\t\t\tsrc=\"https:\/\/www.lamazelle.be\/wp-content\/gallery\/mazelle-batiment\/cache\/Octobre-2015.JPG-nggid03267-ngg0dyn-120x100x100-00f0w010c011r110f110r010t010.JPG\"\n\t\t\t\t\twidth=\"120\"\n\t\t\t\t\theight=\"100\"\n\t\t\t\t\tstyle=\"max-width:100%;\"\n\t\t\t\t\/>\n\t\t\t<\/a>\n\t\t<\/div>\n\t\t\t\t\t\t\t<\/div> \n\t\t\t\n\t\t\t\t<div id=\"ngg-image-15\" class=\"ngg-gallery-thumbnail-box \n\t\t\t\t\t\t\t\t\t\t\t\" \n\t\t\t>\n\t\t\t\t\t\t<div class=\"ngg-gallery-thumbnail\">\n\t\t\t<a href=\"https:\/\/www.lamazelle.be\/wp-content\/gallery\/mazelle-batiment\/Juin-2015.JPG\"\n\t\t\t\ttitle=\"Vue vers le mixed border et le porche (anciennement l&#039;entr\u00e9e de la cour)\"\n\t\t\t\tdata-src=\"https:\/\/www.lamazelle.be\/wp-content\/gallery\/mazelle-batiment\/Juin-2015.JPG\"\n\t\t\t\tdata-thumbnail=\"https:\/\/www.lamazelle.be\/wp-content\/gallery\/mazelle-batiment\/thumbs\/thumbs-Juin-2015.JPG\"\n\t\t\t\tdata-image-id=\"263\"\n\t\t\t\tdata-title=\"Juin-2015\"\n\t\t\t\tdata-description=\"Vue vers le mixed border et le porche (anciennement l&#039;entr\u00e9e de la cour)\"\n\t\t\t\tdata-image-slug=\"juin-2015\"\n\t\t\t\tclass='use_imagebrowser_effect' data-imagebrowser-url='https:\/\/www.lamazelle.be\/index.php\/nggallery\/image\/%STUB%?page_id=4061'>\n\t\t\t\t<img\n\t\t\t\t\ttitle=\"Juin-2015\"\n\t\t\t\t\talt=\"Juin-2015\"\n\t\t\t\t\tsrc=\"https:\/\/www.lamazelle.be\/wp-content\/gallery\/mazelle-batiment\/cache\/Juin-2015.JPG-nggid03263-ngg0dyn-120x100x100-00f0w010c011r110f110r010t010.JPG\"\n\t\t\t\t\twidth=\"120\"\n\t\t\t\t\theight=\"100\"\n\t\t\t\t\tstyle=\"max-width:100%;\"\n\t\t\t\t\/>\n\t\t\t<\/a>\n\t\t<\/div>\n\t\t\t\t\t\t\t<\/div> \n\t\t\t\n\t\t\t\t<div id=\"ngg-image-16\" class=\"ngg-gallery-thumbnail-box \n\t\t\t\t\t\t\t\t\t\t\t\" \n\t\t\t>\n\t\t\t\t\t\t<div class=\"ngg-gallery-thumbnail\">\n\t\t\t<a href=\"https:\/\/www.lamazelle.be\/wp-content\/gallery\/mazelle-batiment\/Mai-2018.JPG\"\n\t\t\t\ttitle=\"Le massif de rhododendrons aux abords du porche, autrefois l&#039;entr\u00e9e de la cour\"\n\t\t\t\tdata-src=\"https:\/\/www.lamazelle.be\/wp-content\/gallery\/mazelle-batiment\/Mai-2018.JPG\"\n\t\t\t\tdata-thumbnail=\"https:\/\/www.lamazelle.be\/wp-content\/gallery\/mazelle-batiment\/thumbs\/thumbs-Mai-2018.JPG\"\n\t\t\t\tdata-image-id=\"270\"\n\t\t\t\tdata-title=\"Mai-2018\"\n\t\t\t\tdata-description=\"Le massif de rhododendrons aux abords du porche, autrefois l&#039;entr\u00e9e de la cour\"\n\t\t\t\tdata-image-slug=\"mai-2018\"\n\t\t\t\tclass='use_imagebrowser_effect' data-imagebrowser-url='https:\/\/www.lamazelle.be\/index.php\/nggallery\/image\/%STUB%?page_id=4061'>\n\t\t\t\t<img\n\t\t\t\t\ttitle=\"Mai-2018\"\n\t\t\t\t\talt=\"Mai-2018\"\n\t\t\t\t\tsrc=\"https:\/\/www.lamazelle.be\/wp-content\/gallery\/mazelle-batiment\/cache\/Mai-2018.JPG-nggid03270-ngg0dyn-120x100x100-00f0w010c011r110f110r010t010.JPG\"\n\t\t\t\t\twidth=\"120\"\n\t\t\t\t\theight=\"100\"\n\t\t\t\t\tstyle=\"max-width:100%;\"\n\t\t\t\t\/>\n\t\t\t<\/a>\n\t\t<\/div>\n\t\t\t\t\t\t\t<\/div> \n\t\t\t\n\t\t\t\t<div id=\"ngg-image-17\" class=\"ngg-gallery-thumbnail-box \n\t\t\t\t\t\t\t\t\t\t\t\" \n\t\t\t>\n\t\t\t\t\t\t<div class=\"ngg-gallery-thumbnail\">\n\t\t\t<a href=\"https:\/\/www.lamazelle.be\/wp-content\/gallery\/mazelle-batiment\/Fevrier-2013.JPG\"\n\t\t\t\ttitle=\"Vue depuis l&#039;Est\"\n\t\t\t\tdata-src=\"https:\/\/www.lamazelle.be\/wp-content\/gallery\/mazelle-batiment\/Fevrier-2013.JPG\"\n\t\t\t\tdata-thumbnail=\"https:\/\/www.lamazelle.be\/wp-content\/gallery\/mazelle-batiment\/thumbs\/thumbs-Fevrier-2013.JPG\"\n\t\t\t\tdata-image-id=\"261\"\n\t\t\t\tdata-title=\"Fevrier-2013\"\n\t\t\t\tdata-description=\"Vue depuis l&#039;Est\"\n\t\t\t\tdata-image-slug=\"fevrier-2013\"\n\t\t\t\tclass='use_imagebrowser_effect' data-imagebrowser-url='https:\/\/www.lamazelle.be\/index.php\/nggallery\/image\/%STUB%?page_id=4061'>\n\t\t\t\t<img\n\t\t\t\t\ttitle=\"Fevrier-2013\"\n\t\t\t\t\talt=\"Fevrier-2013\"\n\t\t\t\t\tsrc=\"https:\/\/www.lamazelle.be\/wp-content\/gallery\/mazelle-batiment\/cache\/Fevrier-2013.JPG-nggid03261-ngg0dyn-120x100x100-00f0w010c011r110f110r010t010.JPG\"\n\t\t\t\t\twidth=\"120\"\n\t\t\t\t\theight=\"100\"\n\t\t\t\t\tstyle=\"max-width:100%;\"\n\t\t\t\t\/>\n\t\t\t<\/a>\n\t\t<\/div>\n\t\t\t\t\t\t\t<\/div> \n\t\t\t\n\t\n\t<br style=\"clear: both\" \/>\n\n\t\t<div class=\"slideshowlink\">\n\t\t<a href='https:\/\/www.lamazelle.be\/index.php\/nggallery\/slideshow?page_id=4061'>Diaporama<\/a>\n\t\t\n\t<\/div>\n\t\n\t\t<!-- Pagination -->\n\t\t<div class='ngg-clear'><\/div>\t<\/div>\n\n","protected":false},"excerpt":{"rendered":"","protected":false},"author":2,"featured_media":0,"parent":2422,"menu_order":0,"comment_status":"closed","ping_status":"closed","template":"","meta":{"_sitemap_exclude":false,"_sitemap_priority":"","_sitemap_frequency":"","ngg_post_thumbnail":0,"footnotes":""},"class_list":["post-4061","page","type-page","status-publish","hentry"],"jetpack_sharing_enabled":true,"_links":{"self":[{"href":"https:\/\/www.lamazelle.be\/index.php?rest_route=\/wp\/v2\/pages\/4061","targetHints":{"allow":["GET"]}}],"collection":[{"href":"https:\/\/www.lamazelle.be\/index.php?rest_route=\/wp\/v2\/pages"}],"about":[{"href":"https:\/\/www.lamazelle.be\/index.php?rest_route=\/wp\/v2\/types\/page"}],"author":[{"embeddable":true,"href":"https:\/\/www.lamazelle.be\/index.php?rest_route=\/wp\/v2\/users\/2"}],"replies":[{"embeddable":true,"href":"https:\/\/www.lamazelle.be\/index.php?rest_route=%2Fwp%2Fv2%2Fcomments&post=4061"}],"version-history":[{"count":2,"href":"https:\/\/www.lamazelle.be\/index.php?rest_route=\/wp\/v2\/pages\/4061\/revisions"}],"predecessor-version":[{"id":4078,"href":"https:\/\/www.lamazelle.be\/index.php?rest_route=\/wp\/v2\/pages\/4061\/revisions\/4078"}],"up":[{"embeddable":true,"href":"https:\/\/www.lamazelle.be\/index.php?rest_route=\/wp\/v2\/pages\/2422"}],"wp:attachment":[{"href":"https:\/\/www.lamazelle.be\/index.php?rest_route=%2Fwp%2Fv2%2Fmedia&parent=4061"}],"curies":[{"name":"wp","href":"https:\/\/api.w.org\/{rel}","templated":true}]}}