{"id":2455,"date":"2023-03-31T22:41:41","date_gmt":"2023-03-31T21:41:41","guid":{"rendered":"https:\/\/www.lamazelle.be\/?page_id=2455"},"modified":"2024-02-25T12:19:25","modified_gmt":"2024-02-25T11:19:25","slug":"copy-right-photos","status":"publish","type":"page","link":"https:\/\/www.lamazelle.be\/?page_id=2455","title":{"rendered":"Albums \u00ab\u00a0Nature\u00a0\u00bb"},"content":{"rendered":"\r\n<h6 class=\"wp-block-gallery-1 is-layout-flex wp-block-gallery-is-layout-flex\" style=\"text-align: center;\"><span style=\"color: #ffffff;\">Dans chacun des sous-onglets, vous pouvez cliquer, sous la mosa\u00efque des photos, sur la commande \u00ab\u00a0<i>diaporama<\/i>\u00a0\u00bb pour ouvrir celui-ci. En passant la souris sur chaque photo, vous trouverez sa l\u00e9gende, comportant l&rsquo;identification de l&rsquo;esp\u00e8ce photographi\u00e9e.&nbsp;<\/span><\/h6>\r\n<h6 style=\"text-align: center;\"><span style=\"color: #ffffff;\">Gr\u00e2ce \u00e0 son objectif photographique, Th\u00e9r\u00e8se de Radzitzky r\u00e9alise un travail d&rsquo;identification et de classement des esp\u00e8ces qui peuplent La Mazelle.<\/span><\/h6>\r\n<h6 style=\"text-align: center;\"><span style=\"color: #ffffff;\">Au stade actuel, il s&rsquo;agit d&rsquo;un inventaire de la faune, au sens usuel du terme, qui ne sera jamais exhaustif, loin s&rsquo;en faut, tant sont nombreuses les esp\u00e8ces observ\u00e9es. Une cartographie des autres esp\u00e8ces vivantes est remise \u00e0 plus tard, bien qu&rsquo;un onglet en \u00e9voque l&rsquo;existence ici.&nbsp;<\/span><\/h6>\r\n<h6 style=\"text-align: center;\"><span style=\"color: #ffffff;\"><em><img decoding=\"async\" class=\"wp-image-2456\" src=\"https:\/\/i0.wp.com\/www.lamazelle.be\/wp-content\/uploads\/TEL_4868-1024x682.jpg?resize=610%2C406&#038;ssl=1\" alt=\"\" data-id=\"2456\" data-link=\"https:\/\/www.lamazelle.be\/?attachment_id=2456\" data-recalc-dims=\"1\"><\/em>Nous vous invitons \u00e0 d\u00e9couvrir un (tr\u00e8s petit) \u00e9chantillon de ce travail. Nous n&rsquo;avons pas la pr\u00e9tention d&rsquo;\u00eatre des sp\u00e9cialistes. Si des erreurs d&rsquo;identification sont d\u00e9cel\u00e9es, n&rsquo;h\u00e9sitez pas \u00e0 nous en faire part. Nous serions heureux de les corriger.&nbsp;<\/span><\/h6>\r\n<h6 style=\"text-align: center;\"><span style=\"color: #ffffff;\">\r\n\r\n<\/span><\/h6>\r\n<h6 style=\"text-align: center;\"><span style=\"color: #ffffff;\">A l&rsquo;exception des photos a\u00e9riennes, toutes les photos publi\u00e9es sur ce site ont \u00e9t\u00e9 prises par <em>Th\u00e9r\u00e8se de Radzitzky<\/em> \u00e0 La Mazelle, ou, pour une (tr\u00e8s petite) partie d&rsquo;entre elles, par les cam\u00e9ras diss\u00e9min\u00e9es dans le domaine. <\/span><\/h6>\r\n<h6 style=\"text-align: center;\"><span style=\"color: #ffffff;\">Toute reproduction est interdite sauf autorisation expresse de leur auteur.<\/span><\/h6>\r\n<h6><span style=\"color: #ffffff;\"><em>\u00a9<\/em><em> Th\u00e9r\u00e8se de Radzitzky<\/em><\/span><\/h6>\r\n<h6 style=\"text-align: center;\"><span style=\"color: #000000;\">\r\n\r\n<\/span><\/h6>\r\n<h6 class=\"wp-block-gallery-2 is-layout-flex wp-block-gallery-is-layout-flex\"><span style=\"color: #000000;\"><img decoding=\"async\" class=\"wp-image-2457\" src=\"https:\/\/i0.wp.com\/www.lamazelle.be\/wp-content\/uploads\/TEL_4260-1-1024x682.jpg?resize=610%2C406&#038;ssl=1\" alt=\"\" data-id=\"2457\" data-link=\"https:\/\/www.lamazelle.be\/?attachment_id=2457\" data-recalc-dims=\"1\"><\/span><\/h6>\r\n<h6 style=\"text-align: center;\">&nbsp;<\/h6>\r\n\r\n<div id=\"ConnectiveDocSignExtentionInstalled\" data-extension-version=\"1.0.4\">&nbsp;<\/div>","protected":false},"excerpt":{"rendered":"<p>A l&rsquo;exception des photos a\u00e9riennes, toutes les photos publi\u00e9es sur ce site ont \u00e9t\u00e9 prises par Th\u00e9r\u00e8se de Radzitzky \u00e0 La Mazelle, ou, pour une (tr\u00e8s petite) partie d&rsquo;entre elles, par les cam\u00e9ras diss\u00e9min\u00e9es dans le domaine. Toute reproduction est interdite sauf autorisation expresse de leur auteur. \u00a9 Th\u00e9r\u00e8se de Radzitzky &nbsp;<\/p>\n","protected":false},"author":1,"featured_media":0,"parent":0,"menu_order":3,"comment_status":"closed","ping_status":"closed","template":"","meta":{"_sitemap_exclude":false,"_sitemap_priority":"","_sitemap_frequency":"","ngg_post_thumbnail":0,"footnotes":""},"class_list":["post-2455","page","type-page","status-publish","hentry"],"jetpack_sharing_enabled":true,"_links":{"self":[{"href":"https:\/\/www.lamazelle.be\/index.php?rest_route=\/wp\/v2\/pages\/2455","targetHints":{"allow":["GET"]}}],"collection":[{"href":"https:\/\/www.lamazelle.be\/index.php?rest_route=\/wp\/v2\/pages"}],"about":[{"href":"https:\/\/www.lamazelle.be\/index.php?rest_route=\/wp\/v2\/types\/page"}],"author":[{"embeddable":true,"href":"https:\/\/www.lamazelle.be\/index.php?rest_route=\/wp\/v2\/users\/1"}],"replies":[{"embeddable":true,"href":"https:\/\/www.lamazelle.be\/index.php?rest_route=%2Fwp%2Fv2%2Fcomments&post=2455"}],"version-history":[{"count":42,"href":"https:\/\/www.lamazelle.be\/index.php?rest_route=\/wp\/v2\/pages\/2455\/revisions"}],"predecessor-version":[{"id":4060,"href":"https:\/\/www.lamazelle.be\/index.php?rest_route=\/wp\/v2\/pages\/2455\/revisions\/4060"}],"wp:attachment":[{"href":"https:\/\/www.lamazelle.be\/index.php?rest_route=%2Fwp%2Fv2%2Fmedia&parent=2455"}],"curies":[{"name":"wp","href":"https:\/\/api.w.org\/{rel}","templated":true}]}}