{"id":2425,"date":"2023-03-31T22:15:25","date_gmt":"2023-03-31T21:15:25","guid":{"rendered":"https:\/\/www.lamazelle.be\/?page_id=2425"},"modified":"2024-02-25T17:30:37","modified_gmt":"2024-02-25T16:30:37","slug":"wildlife-estate-label","status":"publish","type":"page","link":"https:\/\/www.lamazelle.be\/?page_id=2425","title":{"rendered":"Wildlife Estates Label"},"content":{"rendered":"\r\n<h6 class=\"wp-block-gallery-1 is-layout-flex wp-block-gallery-is-layout-flex\"><img loading=\"lazy\" decoding=\"async\" class=\"wp-image-3325 alignleft\" src=\"https:\/\/i0.wp.com\/www.lamazelle.be\/wp-content\/uploads\/2024\/02\/Wildlife-Estates-Label-La-Mazelle.jpg?resize=298%2C213&#038;ssl=1\" alt=\"\" width=\"298\" height=\"213\" srcset=\"https:\/\/i0.wp.com\/www.lamazelle.be\/wp-content\/uploads\/2024\/02\/Wildlife-Estates-Label-La-Mazelle.jpg?w=621&amp;ssl=1 621w, https:\/\/i0.wp.com\/www.lamazelle.be\/wp-content\/uploads\/2024\/02\/Wildlife-Estates-Label-La-Mazelle.jpg?resize=300%2C214&amp;ssl=1 300w\" sizes=\"auto, (max-width: 298px) 100vw, 298px\" data-recalc-dims=\"1\" \/><\/h6>\r\n<h6 style=\"text-align: center;\"><span style=\"color: #ffffff;\"><img decoding=\"async\" class=\"wp-image-2426 alignleft\" src=\"https:\/\/i0.wp.com\/www.lamazelle.be\/wp-content\/uploads\/22.05.21-STC_0054-23-2-1024x535.jpg?resize=610%2C319&#038;ssl=1\" alt=\"\" data-id=\"2426\" data-link=\"https:\/\/www.lamazelle.be\/?attachment_id=2426\" data-recalc-dims=\"1\"><\/span><\/h6>\r\n<h6>&nbsp;<\/h6>\r\n<h6 style=\"text-align: center;\"><span style=\"color: #ffffff;\"><span style=\"font-size: 0.9em;\">Notre domaine a re\u00e7u une premi\u00e8re fois le label Wildlife Estates (Territoires de faune sauvage) d\u00e9cern\u00e9 par l&rsquo;association internationale du m\u00eame nom, pour la p\u00e9riode 2018-2023. Il en a obtenu le renouvellement pour une nouvelle p\u00e9riode de cinq ans (2023-2028).&nbsp;<\/span><\/span><\/h6>\r\n<p>&nbsp;<\/p>\r\n<h6 style=\"text-align: center;\"><span style=\"color: #ffffff;\">\r\n\r\n<\/span><\/h6>\r\n<h6 style=\"text-align: center;\"><span style=\"color: #ffffff;\">Pour nous, ce label est une source d&rsquo;encouragement.<\/span><\/h6>\r\n<h6 style=\"text-align: center;\"><span style=\"color: #ffffff;\">Pour le public, il est un appel au respect de notre domaine.&nbsp; &nbsp;<\/span><\/h6>\r\n<h6 style=\"text-align: center;\">&nbsp;<\/h6>\r\n<h6 style=\"text-align: center;\"><span style=\"color: #ffffff;\"><span style=\"font-size: 0.9em; text-align: center;\"><a class=\"ngg-simplelightbox\" title=\"Capreolus capreolus (Cervidae - Chevreuil) \" href=\"https:\/\/i0.wp.com\/www.lamazelle.be\/wp-content\/gallery\/mammiferes\/25-mai-2023-.JPG?ssl=1\" rel=\"\" data-image-id=\"308\" data-src=\"https:\/\/i0.wp.com\/www.lamazelle.be\/wp-content\/gallery\/mammiferes\/25-mai-2023-.JPG?w=610&#038;ssl=1\" data-thumbnail=\"https:\/\/www.lamazelle.be\/wp-content\/gallery\/mammiferes\/thumbs\/thumbs-25-mai-2023-.JPG\" data-title=\"25-mai-2023-\" data-description=\"Capreolus capreolus (Cervidae - Chevreuil) \"><img decoding=\"async\" class=\"ngg-singlepic ngg-none\" src=\"https:\/\/i0.wp.com\/www.lamazelle.be\/wp-content\/gallery\/mammiferes\/25-mai-2023-.JPG?w=610&#038;ssl=1\" alt=\"25-mai-2023-\" data-recalc-dims=\"1\"><\/a><\/span><\/span><\/h6>\r\n<h6>&nbsp;<\/h6>\r\n<h6 style=\"text-align: center;\"><span style=\"color: #ffffff;\"><span style=\"font-size: 0.9em; text-align: center;\">Ce label a \u00e9t\u00e9 con\u00e7u suivant les principaux objectifs de la l\u00e9gislation europ\u00e9enne dans le domaine de l\u2019environnement. <\/span><span style=\"font-size: 0.9em; text-align: center;\">Son but est de promouvoir une gestion de territoires exemplaire, en ce qu&rsquo;elle&nbsp; favorise le d\u00e9veloppement de la biodiversit\u00e9, tout en autorisant des activit\u00e9s humaines mod\u00e9r\u00e9es et respectueuses de la nature, men\u00e9es dans un esprit de durabilit\u00e9, telles que la sylviculture, l&rsquo;agriculture (la viticulture), la chasse et la p\u00eache.<\/span><\/span><\/h6>\r\n<p>&nbsp;<\/p>\r\n<h6 style=\"text-align: center;\"><span style=\"color: #ffffff;\">Le partage de cette exp\u00e9rience avec un public respectueux fait partie des objectifs, pour autant que son impact ne soit une entrave ni \u00e0 la pr\u00e9servation ni au d\u00e9veloppement de la biodiversit\u00e9.<\/span><\/h6>\r\n<p>&nbsp;<\/p>\r\n<h6 style=\"text-align: center;\"><span style=\"color: #000000;\">\r\n\r\n<\/span><\/h6>\r\n<h6 class=\"wp-block-gallery-2 is-layout-flex wp-block-gallery-is-layout-flex\"><span style=\"color: #000000;\"><img decoding=\"async\" class=\"wp-image-2437 aligncenter\" src=\"https:\/\/i0.wp.com\/www.lamazelle.be\/wp-content\/uploads\/MAC_0431-2-1024x682.jpg?resize=610%2C406&#038;ssl=1\" alt=\"\" data-id=\"2437\" data-link=\"https:\/\/www.lamazelle.be\/?attachment_id=2437\" data-recalc-dims=\"1\"><\/span><\/h6>\r\n<figure data-wp-editing=\"1\">\r\n<div id=\"attachment_2736\" style=\"width: 510px\" class=\"wp-caption aligncenter\"><img loading=\"lazy\" decoding=\"async\" aria-describedby=\"caption-attachment-2736\" class=\"wp-image-2736\" src=\"https:\/\/i0.wp.com\/www.lamazelle.be\/wp-content\/uploads\/2024\/02\/BAS_1769.jpg?resize=500%2C333&#038;ssl=1\" alt=\"\" width=\"500\" height=\"333\" srcset=\"https:\/\/i0.wp.com\/www.lamazelle.be\/wp-content\/uploads\/2024\/02\/BAS_1769.jpg?resize=300%2C200&amp;ssl=1 300w, https:\/\/i0.wp.com\/www.lamazelle.be\/wp-content\/uploads\/2024\/02\/BAS_1769.jpg?resize=768%2C512&amp;ssl=1 768w, https:\/\/i0.wp.com\/www.lamazelle.be\/wp-content\/uploads\/2024\/02\/BAS_1769.jpg?w=1024&amp;ssl=1 1024w\" sizes=\"auto, (max-width: 500px) 100vw, 500px\" data-recalc-dims=\"1\" \/><p id=\"caption-attachment-2736\" class=\"wp-caption-text\"><span style=\"color: #ffffff;\">Cyprinus carpio &#8211; Carpe commune<\/span><\/p><\/div>\r\n<\/figure>\r\n<p><span style=\"color: #ffffff;\">\r\n\r\n<\/span><\/p>\r\n<div id=\"attachment_2973\" style=\"width: 510px\" class=\"wp-caption aligncenter\"><img loading=\"lazy\" decoding=\"async\" aria-describedby=\"caption-attachment-2973\" class=\"wp-image-2973\" style=\"font-weight: bold; background-color: #f1f1f1; font-size: 12px; text-align: center;\" src=\"https:\/\/i0.wp.com\/www.lamazelle.be\/wp-content\/uploads\/2024\/02\/MAC_0187-2.jpg?resize=500%2C333&#038;ssl=1\" alt=\"\" width=\"500\" height=\"333\" srcset=\"https:\/\/i0.wp.com\/www.lamazelle.be\/wp-content\/uploads\/2024\/02\/MAC_0187-2.jpg?resize=300%2C200&amp;ssl=1 300w, https:\/\/i0.wp.com\/www.lamazelle.be\/wp-content\/uploads\/2024\/02\/MAC_0187-2.jpg?resize=768%2C512&amp;ssl=1 768w, https:\/\/i0.wp.com\/www.lamazelle.be\/wp-content\/uploads\/2024\/02\/MAC_0187-2.jpg?w=1024&amp;ssl=1 1024w\" sizes=\"auto, (max-width: 500px) 100vw, 500px\" data-recalc-dims=\"1\" \/><p id=\"caption-attachment-2973\" class=\"wp-caption-text\"><span style=\"color: #ffffff;\">Tymeticus sylvestris (Hesperidae &#8211; Lepidoptera) &#8211; Hesp\u00e9ride de la Houque <\/span><\/p><\/div>\r\n<div id=\"attachment_3104\" style=\"width: 516px\" class=\"wp-caption aligncenter\"><img loading=\"lazy\" decoding=\"async\" aria-describedby=\"caption-attachment-3104\" class=\"wp-image-3104\" src=\"https:\/\/i0.wp.com\/www.lamazelle.be\/wp-content\/uploads\/2024\/02\/MAC_0431-1024x682-1.jpg?resize=506%2C337&#038;ssl=1\" alt=\"\" width=\"506\" height=\"337\" srcset=\"https:\/\/i0.wp.com\/www.lamazelle.be\/wp-content\/uploads\/2024\/02\/MAC_0431-1024x682-1.jpg?w=1024&amp;ssl=1 1024w, https:\/\/i0.wp.com\/www.lamazelle.be\/wp-content\/uploads\/2024\/02\/MAC_0431-1024x682-1.jpg?resize=300%2C200&amp;ssl=1 300w, https:\/\/i0.wp.com\/www.lamazelle.be\/wp-content\/uploads\/2024\/02\/MAC_0431-1024x682-1.jpg?resize=768%2C512&amp;ssl=1 768w\" sizes=\"auto, (max-width: 506px) 100vw, 506px\" data-recalc-dims=\"1\" \/><p id=\"caption-attachment-3104\" class=\"wp-caption-text\"><span style=\"color: #ffffff;\">Bombus pascuorum (Apidae &#8211; Hymenoptera) &#8211; Bourdon des Champs<\/span><\/p><\/div>\r\n<figure><\/figure>\r\n\r\n<div id=\"ConnectiveDocSignExtentionInstalled\" data-extension-version=\"1.0.4\">&nbsp;<\/div>","protected":false},"excerpt":{"rendered":"<p>Pour nous, ce label est une source d&rsquo;encouragement. Pour le public, il est un appel au respect de notre domaine.&nbsp; &nbsp; &nbsp; &nbsp; Ce label a \u00e9t\u00e9 con\u00e7u suivant les principaux objectifs de la l\u00e9gislation europ\u00e9enne dans le domaine de l\u2019environnement. Son but est de promouvoir une gestion de territoires exemplaire, en ce qu&rsquo;elle&nbsp; favorise [&hellip;]<\/p>\n","protected":false},"author":1,"featured_media":0,"parent":0,"menu_order":2,"comment_status":"closed","ping_status":"closed","template":"","meta":{"_sitemap_exclude":false,"_sitemap_priority":"","_sitemap_frequency":"","ngg_post_thumbnail":0,"footnotes":""},"class_list":["post-2425","page","type-page","status-publish","hentry"],"jetpack_sharing_enabled":true,"_links":{"self":[{"href":"https:\/\/www.lamazelle.be\/index.php?rest_route=\/wp\/v2\/pages\/2425","targetHints":{"allow":["GET"]}}],"collection":[{"href":"https:\/\/www.lamazelle.be\/index.php?rest_route=\/wp\/v2\/pages"}],"about":[{"href":"https:\/\/www.lamazelle.be\/index.php?rest_route=\/wp\/v2\/types\/page"}],"author":[{"embeddable":true,"href":"https:\/\/www.lamazelle.be\/index.php?rest_route=\/wp\/v2\/users\/1"}],"replies":[{"embeddable":true,"href":"https:\/\/www.lamazelle.be\/index.php?rest_route=%2Fwp%2Fv2%2Fcomments&post=2425"}],"version-history":[{"count":31,"href":"https:\/\/www.lamazelle.be\/index.php?rest_route=\/wp\/v2\/pages\/2425\/revisions"}],"predecessor-version":[{"id":4123,"href":"https:\/\/www.lamazelle.be\/index.php?rest_route=\/wp\/v2\/pages\/2425\/revisions\/4123"}],"wp:attachment":[{"href":"https:\/\/www.lamazelle.be\/index.php?rest_route=%2Fwp%2Fv2%2Fmedia&parent=2425"}],"curies":[{"name":"wp","href":"https:\/\/api.w.org\/{rel}","templated":true}]}}