{"id":2422,"date":"2023-03-31T21:58:23","date_gmt":"2023-03-31T20:58:23","guid":{"rendered":"https:\/\/www.lamazelle.be\/?page_id=2422"},"modified":"2024-02-28T16:23:16","modified_gmt":"2024-02-28T15:23:16","slug":"historique","status":"publish","type":"page","link":"https:\/\/www.lamazelle.be\/?page_id=2422","title":{"rendered":"Un  peu d&rsquo;histoire"},"content":{"rendered":"\r\n<div id=\"attachment_3033\" style=\"width: 557px\" class=\"wp-caption aligncenter\"><img loading=\"lazy\" decoding=\"async\" aria-describedby=\"caption-attachment-3033\" class=\"wp-image-3033 size-full wp-block-gallery-1 is-layout-flex wp-block-gallery-is-layout-flex\" src=\"https:\/\/i0.wp.com\/www.lamazelle.be\/wp-content\/uploads\/2024\/02\/Mazelle-10-547x330-1-e1708265939239.jpg?resize=547%2C272&#038;ssl=1\" alt=\"\" width=\"547\" height=\"272\" srcset=\"https:\/\/i0.wp.com\/www.lamazelle.be\/wp-content\/uploads\/2024\/02\/Mazelle-10-547x330-1-e1708265939239.jpg?w=547&amp;ssl=1 547w, https:\/\/i0.wp.com\/www.lamazelle.be\/wp-content\/uploads\/2024\/02\/Mazelle-10-547x330-1-e1708265939239.jpg?resize=300%2C149&amp;ssl=1 300w\" sizes=\"auto, (max-width: 547px) 100vw, 547px\" data-recalc-dims=\"1\" \/><p id=\"caption-attachment-3033\" class=\"wp-caption-text\"><span style=\"color: #ffffff;\">Le \u00ab\u00a0Ch\u00e2teau Dev\u00e8ze\u00a0\u00bb au temps de son b\u00e2tisseur, le Ministre Albert Dev\u00e8ze<\/span><\/p><\/div>\r\n<h6 style=\"text-align: left;\"><span style=\"color: #000000;\"><img decoding=\"async\" class=\"wp-image-2423\" src=\"https:\/\/www.lamazelle.be\/wp-content\/uploads\/Mazelle-10.bmp\" alt=\"\" data-id=\"2423\" data-link=\"https:\/\/www.lamazelle.be\/?attachment_id=2423\"><\/span><\/h6>\r\n<h6 style=\"text-align: center; padding-left: 40px;\"><span style=\"color: #ffffff;\">Le \u00abCh\u00e2teau La Mazelle\u00bb, autrefois d\u00e9nomm\u00e9 \u00abCh\u00e2teau Dev\u00e8ze\u00bb puis \u00abCh\u00e2teau Maillard\u00bb, se niche au c\u0153ur du Bois du Goulot, sur le territoire de Leval-Chaudeville (Beaumont). La maison, qui surplombe une forte pente orient\u00e9e plein Sud, fut b\u00e2tie par Albert Dev\u00e8ze. La premi\u00e8re pierre fut pos\u00e9e par sa fille, le 28 octobre 1929. Albert Dev\u00e8ze fut, de 1932 \u00e0 1934, ministre de la Guerre (parti lib\u00e9ral), dans le gouvernement de Charles de Broqueville (parti catholique), arri\u00e8re-grand-p\u00e8re de l&rsquo;\u00e9pouse du propri\u00e9taire actuel.<\/span><\/h6>\r\n<p>&nbsp;<\/p>\r\n<h6><span style=\"color: #ffffff;\">\r\n\r\n<\/span><\/h6>\r\n<h6 style=\"text-align: center; padding-left: 40px;\"><span style=\"color: #ffffff;\">Le vignoble de La Mazelle fut plant\u00e9 en 2001, par Herman Willems, alors propri\u00e9taire des lieux. Il mit ainsi en valeur, au pied de la maison, un hectare de taillis, rhododendrons, gen\u00eats et broussailles de toutes tailles. Apr\u00e8s le travail de d\u00e9frichage, il y planta 57 lignes de 80 ceps (4.560 pieds), r\u00e9partis en 5 c\u00e9pages : Pinot noir, Pinot Gris, Auxerrois, Sirius et Dornfelder.<\/span><\/h6>\r\n<p>&nbsp;<\/p>\r\n<h6><span style=\"color: #000000;\">\r\n\r\n<\/span><\/h6>\r\n<h5 class=\"wp-block-gallery-2 is-layout-flex wp-block-gallery-is-layout-flex\"><span style=\"color: #000000;\"><img decoding=\"async\" class=\"wp-image-2489\" src=\"https:\/\/i0.wp.com\/www.lamazelle.be\/wp-content\/uploads\/2012-07-29-076-1.jpg?w=610&#038;ssl=1\" alt=\"\" data-id=\"2489\" data-link=\"https:\/\/www.lamazelle.be\/historique\/2012-07-29-076-2\/\" data-recalc-dims=\"1\"><\/span><\/h5>\r\n<div id=\"attachment_3509\" style=\"width: 558px\" class=\"wp-caption aligncenter\"><img loading=\"lazy\" decoding=\"async\" aria-describedby=\"caption-attachment-3509\" class=\"wp-image-3509\" style=\"font-weight: bold; background-color: #f1f1f1; text-align: center;\" src=\"https:\/\/i0.wp.com\/www.lamazelle.be\/wp-content\/uploads\/2024\/02\/2012-07-29-116-1-scaled.jpg?resize=548%2C365&#038;ssl=1\" alt=\"\" width=\"548\" height=\"365\" srcset=\"https:\/\/i0.wp.com\/www.lamazelle.be\/wp-content\/uploads\/2024\/02\/2012-07-29-116-1-scaled.jpg?w=2560&amp;ssl=1 2560w, https:\/\/i0.wp.com\/www.lamazelle.be\/wp-content\/uploads\/2024\/02\/2012-07-29-116-1-scaled.jpg?resize=300%2C200&amp;ssl=1 300w, https:\/\/i0.wp.com\/www.lamazelle.be\/wp-content\/uploads\/2024\/02\/2012-07-29-116-1-scaled.jpg?resize=1024%2C683&amp;ssl=1 1024w, https:\/\/i0.wp.com\/www.lamazelle.be\/wp-content\/uploads\/2024\/02\/2012-07-29-116-1-scaled.jpg?resize=768%2C512&amp;ssl=1 768w, https:\/\/i0.wp.com\/www.lamazelle.be\/wp-content\/uploads\/2024\/02\/2012-07-29-116-1-scaled.jpg?resize=1536%2C1024&amp;ssl=1 1536w, https:\/\/i0.wp.com\/www.lamazelle.be\/wp-content\/uploads\/2024\/02\/2012-07-29-116-1-scaled.jpg?resize=2048%2C1365&amp;ssl=1 2048w, https:\/\/i0.wp.com\/www.lamazelle.be\/wp-content\/uploads\/2024\/02\/2012-07-29-116-1-scaled.jpg?w=1220&amp;ssl=1 1220w, https:\/\/i0.wp.com\/www.lamazelle.be\/wp-content\/uploads\/2024\/02\/2012-07-29-116-1-scaled.jpg?w=1830&amp;ssl=1 1830w\" sizes=\"auto, (max-width: 548px) 100vw, 548px\" data-recalc-dims=\"1\" \/><p id=\"caption-attachment-3509\" class=\"wp-caption-text\"><span style=\"color: #ffffff;\">Le vignoble en 2012<\/span><\/p><\/div>\r\n<h6 style=\"text-align: center; padding-left: 40px;\"><span style=\"color: #ffffff;\">\r\n\r\n<\/span><\/h6>\r\n<h6 style=\"text-align: center; padding-left: 40px;\"><span style=\"color: #ffffff;\">En f\u00e9vrier 2006, le Baron et la Baronne Henry de Radzitzky acquirent le domaine. Soucieux de respecter l&rsquo;immense travail de d\u00e9frichement et de plantation de la vigne, les nouveaux propri\u00e9taires d\u00e9cid\u00e8rent de confier la gestion du vignoble \u00e0 l&rsquo;asbl \u00abLe Vignoble de La Mazelle\u00bb. Encourag\u00e9s par le ma\u00eetre de chai de Villers-la-Vigne, Christophe Waterkeyn, les membres de l&rsquo;asbl se lanc\u00e8rent dans l&rsquo;aventure avec enthousiasme.<\/span><\/h6>\r\n<p>&nbsp;<\/p>\r\n<h6 style=\"text-align: center; padding-left: 40px;\"><span style=\"color: #ffffff;\">\r\n\r\n<\/span><\/h6>\r\n<h6 style=\"text-align: center; padding-left: 40px;\"><span style=\"color: #ffffff;\">En 2008, ils d\u00e9cid\u00e8rent d&rsquo;arracher le Pinot gris, le Sirius et le Dornfelder, qui s&rsquo;av\u00e9raient peu adapt\u00e9s au terroir de La Mazelle. Cela leur permit de rationaliser l&rsquo;exploitation; ils ne conserv\u00e8rent que le Pinot noir (vinifi\u00e9 en rouge) et&nbsp; l&rsquo;Auxerrois (c\u00e9page blanc).<\/span><\/h6>\r\n<p>&nbsp;<\/p>\r\n<h6 style=\"text-align: center; padding-left: 40px;\"><span style=\"color: #ffffff;\">\r\n\r\n<\/span><\/h6>\r\n<h6 style=\"text-align: center; padding-left: 40px;\"><span style=\"color: #ffffff;\">L&rsquo;asbl \u00abLe vignoble de La Mazelle\u00bb g\u00e9rait l&rsquo;int\u00e9gralit\u00e9 de ses travaux (viticulture, vinifications, commercialisation, administration, etc &#8230;) gr\u00e2ce \u00e0 ses b\u00e9n\u00e9voles. Ses statuts pr\u00e9voyaient que les b\u00e9n\u00e9fices g\u00e9n\u00e9r\u00e9s par la commercialisation de ses vins seraient destin\u00e9s \u00e0 soutenir des projets humanitaires ou sociaux.&nbsp;Depuis sa fondation, La Mazelle a soutenu&nbsp; l&rsquo;asbl <a style=\"color: #ffffff;\" href=\"http:\/\/www.asmae.org\">Asmae<\/a>.<\/span><\/h6>\r\n<p>&nbsp;<\/p>\r\n<h6 style=\"text-align: center; padding-left: 40px;\"><span style=\"color: #ffffff;\">\r\n\r\n<\/span><\/h6>\r\n<h6 style=\"text-align: center; padding-left: 40px;\"><span style=\"color: #ffffff;\">\r\n\r\n<\/span><\/h6>\r\n<h6 style=\"text-align: center; padding-left: 40px;\"><span style=\"color: #ffffff;\">Avec beaucoup de tristesse, les fondateurs ont finalement d\u00fb prendre la difficile d\u00e9cision de mettre fin \u00e0 cette belle aventure de 14 ann\u00e9es. La lourdeur des multiples t\u00e2ches \u00e0 accomplir a eu raison de leurs forces.&nbsp;La d\u00e9cision a \u00e9t\u00e9 formalis\u00e9e au printemps 2020. La liquidation de l&rsquo;ASBL a \u00e9t\u00e9 cl\u00f4tur\u00e9e le 23 d\u00e9cembre 2022.&nbsp;Dans la pente, seuls 20 pieds de Pinot noir et 20 pieds d&rsquo;Auxerrois ont \u00e9t\u00e9 conserv\u00e9s pour le souvenir.&nbsp;<\/span><\/h6>\r\n<p>&nbsp;<\/p>\r\n<h6 style=\"text-align: center; padding-left: 40px;\"><span style=\"color: #ffffff;\">\r\n\r\n<\/span><\/h6>\r\n<h6 style=\"text-align: center; padding-left: 40px;\"><span style=\"color: #ffffff;\">\r\n\r\n<\/span><\/h6>\r\n<h6 style=\"padding-left: 40px; text-align: center;\"><span style=\"color: #ffffff;\">\r\n\r\n<\/span><\/h6>\r\n<h6 style=\"padding-left: 40px; text-align: center;\"><span style=\"color: #ffffff;\">Actuellement, une s\u00e9lection de la r\u00e9g\u00e9n\u00e9ration naturelle et de nouvelles plantations remplacent petit \u00e0 petit les rangs de ceps de vigne. Un nouveau projet prend racine.&nbsp;<\/span><\/h6>\r\n<p style=\"padding-left: 40px; text-align: center;\"><span style=\"color: #ffffff;\"><\/span><\/p>\r\n<div id=\"ConnectiveDocSignExtentionInstalled\" style=\"padding-left: 40px; text-align: center;\" data-extension-version=\"1.0.4\">&nbsp;<\/div>","protected":false},"excerpt":{"rendered":"<p>Le vignoble de La Mazelle fut plant\u00e9 en 2001, par Herman Willems, alors propri\u00e9taire des lieux. Il mit ainsi en valeur, au pied de la maison, un hectare de taillis, rhododendrons, gen\u00eats et broussailles de toutes tailles. Apr\u00e8s le travail de d\u00e9frichage, il y planta 57 lignes de 80 ceps (4.560 pieds), r\u00e9partis en 5 [&hellip;]<\/p>\n","protected":false},"author":1,"featured_media":0,"parent":0,"menu_order":1,"comment_status":"closed","ping_status":"closed","template":"","meta":{"_sitemap_exclude":false,"_sitemap_priority":"","_sitemap_frequency":"","ngg_post_thumbnail":0,"footnotes":""},"class_list":["post-2422","page","type-page","status-publish","hentry"],"jetpack_sharing_enabled":true,"_links":{"self":[{"href":"https:\/\/www.lamazelle.be\/index.php?rest_route=\/wp\/v2\/pages\/2422","targetHints":{"allow":["GET"]}}],"collection":[{"href":"https:\/\/www.lamazelle.be\/index.php?rest_route=\/wp\/v2\/pages"}],"about":[{"href":"https:\/\/www.lamazelle.be\/index.php?rest_route=\/wp\/v2\/types\/page"}],"author":[{"embeddable":true,"href":"https:\/\/www.lamazelle.be\/index.php?rest_route=\/wp\/v2\/users\/1"}],"replies":[{"embeddable":true,"href":"https:\/\/www.lamazelle.be\/index.php?rest_route=%2Fwp%2Fv2%2Fcomments&post=2422"}],"version-history":[{"count":24,"href":"https:\/\/www.lamazelle.be\/index.php?rest_route=\/wp\/v2\/pages\/2422\/revisions"}],"predecessor-version":[{"id":4361,"href":"https:\/\/www.lamazelle.be\/index.php?rest_route=\/wp\/v2\/pages\/2422\/revisions\/4361"}],"wp:attachment":[{"href":"https:\/\/www.lamazelle.be\/index.php?rest_route=%2Fwp%2Fv2%2Fmedia&parent=2422"}],"curies":[{"name":"wp","href":"https:\/\/api.w.org\/{rel}","templated":true}]}}