{"id":2410,"date":"2023-03-31T21:46:34","date_gmt":"2023-03-31T20:46:34","guid":{"rendered":"https:\/\/www.lamazelle.be\/?page_id=2410"},"modified":"2024-02-28T16:17:20","modified_gmt":"2024-02-28T15:17:20","slug":"le-domaine-2","status":"publish","type":"page","link":"https:\/\/www.lamazelle.be\/","title":{"rendered":"Un \u00e9crin de nature"},"content":{"rendered":"\r\n<ul class=\"wp-block-gallery columns-1 is-cropped wp-block-gallery-1 is-layout-flex wp-block-gallery-is-layout-flex\">\r\n<li class=\"blocks-gallery-item\">\r\n<h6><span style=\"color: #000000;\"><img decoding=\"async\" class=\"wp-image-2415 alignleft\" src=\"https:\/\/i0.wp.com\/www.lamazelle.be\/wp-content\/uploads\/divers-075.jpg?w=610&#038;ssl=1\" alt=\"\" data-id=\"2415\" data-link=\"https:\/\/www.lamazelle.be\/?attachment_id=2415\" data-recalc-dims=\"1\"><\/span><\/h6>\r\n<\/li>\r\n<\/ul>\r\n<h6 style=\"text-align: left;\"><span style=\"color: #000000;\">\r\n\r\n<\/span><\/h6>\r\n<p><img loading=\"lazy\" decoding=\"async\" class=\"size-full wp-image-3511 aligncenter\" src=\"https:\/\/i0.wp.com\/www.lamazelle.be\/wp-content\/uploads\/2024\/02\/BAS_3189-scaled.jpg?resize=610%2C407&#038;ssl=1\" alt=\"\" width=\"610\" height=\"407\" srcset=\"https:\/\/i0.wp.com\/www.lamazelle.be\/wp-content\/uploads\/2024\/02\/BAS_3189-scaled.jpg?w=2560&amp;ssl=1 2560w, https:\/\/i0.wp.com\/www.lamazelle.be\/wp-content\/uploads\/2024\/02\/BAS_3189-scaled.jpg?resize=300%2C200&amp;ssl=1 300w, https:\/\/i0.wp.com\/www.lamazelle.be\/wp-content\/uploads\/2024\/02\/BAS_3189-scaled.jpg?resize=1024%2C683&amp;ssl=1 1024w, https:\/\/i0.wp.com\/www.lamazelle.be\/wp-content\/uploads\/2024\/02\/BAS_3189-scaled.jpg?resize=768%2C512&amp;ssl=1 768w, https:\/\/i0.wp.com\/www.lamazelle.be\/wp-content\/uploads\/2024\/02\/BAS_3189-scaled.jpg?resize=1536%2C1024&amp;ssl=1 1536w, https:\/\/i0.wp.com\/www.lamazelle.be\/wp-content\/uploads\/2024\/02\/BAS_3189-scaled.jpg?resize=2048%2C1365&amp;ssl=1 2048w, https:\/\/i0.wp.com\/www.lamazelle.be\/wp-content\/uploads\/2024\/02\/BAS_3189-scaled.jpg?w=1220&amp;ssl=1 1220w, https:\/\/i0.wp.com\/www.lamazelle.be\/wp-content\/uploads\/2024\/02\/BAS_3189-scaled.jpg?w=1830&amp;ssl=1 1830w\" sizes=\"auto, (max-width: 610px) 100vw, 610px\" data-recalc-dims=\"1\" \/><\/p>\r\n<h6 class=\"has-text-color has-medium-font-size has-very-light-gray-color\" style=\"text-align: center;\"><span style=\"color: #ffffff;\">La Mazelle,<\/span><\/h6>\r\n<h6 style=\"text-align: center;\"><span style=\"color: #ffffff;\">\r\n\r\n<\/span><\/h6>\r\n<h6 style=\"text-align: center;\"><span style=\"color: #ffffff;\">c&rsquo;\u00e9tait, depuis 2002 jusqu&rsquo;aux premiers mois de l&rsquo;an 2020, une histoire de vignerons inlassablement \u00e0 la recherche de l&rsquo;excellence, une folle aventure, riche de toutes les personnalit\u00e9s qui l&rsquo;ont v\u00e9cue et l&rsquo;ont rendue possible, un projet g\u00e9n\u00e9reux aux vis\u00e9es \u00e9ducatives, sociales et humanitaires. C&rsquo;\u00e9tait un vignoble, plant\u00e9 au c\u0153ur d&rsquo;un magnifique domaine .<\/span><\/h6>\r\n<h6>&nbsp;<\/h6>\r\n<h6 style=\"text-align: center;\"><span style=\"color: #ffffff;\">\r\n\r\n<\/span><\/h6>\r\n<h6 style=\"text-align: center;\"><span style=\"color: #ffffff;\">C&rsquo;est d\u00e9sormais une nouvelle page de son histoire qui s&rsquo;\u00e9crit au rythme des saisons.&nbsp;<\/span><\/h6>\r\n<h6 style=\"text-align: center;\">&nbsp;<\/h6>\r\n<h6 style=\"text-align: center;\"><span style=\"color: #ffffff;\">\r\n\r\n<\/span><\/h6>\r\n<h6 style=\"text-align: center;\"><span style=\"color: #ffffff;\">La pente plein Sud sous la maison, qui, depuis 2002, \u00e9tait rythm\u00e9e par 57 lignes de 80 pieds de vigne, est maintenant dessin\u00e9e en losanges encadr\u00e9s de sentiers qui permettront de d\u00e9couvrir un v\u00e9g\u00e9tation nouvelle.&nbsp;<\/span><\/h6>\r\n<h6 style=\"text-align: center;\">&nbsp;<\/h6>\r\n<h6 style=\"text-align: center;\"><span style=\"color: #ffffff;\">\r\n\r\n<\/span><\/h6>\r\n<h6 style=\"text-align: center;\"><span style=\"color: #ffffff;\">Les propri\u00e9taires, Henry et Th\u00e9r\u00e8se de Radzitzky d&rsquo;Ostrowick, avec leurs enfants, beaux-enfants et petits-enfants, ne cessent d&rsquo;enrichir le domaine de nouvelles plantations, cr\u00e9ant des paysages, des palettes de couleurs et des points de vue \u00e0 d\u00e9couvrir au fil des promenades.<\/span><\/h6>\r\n<h3>&nbsp;<\/h3>\r\n<p><img loading=\"lazy\" decoding=\"async\" class=\"size-full wp-image-2809 aligncenter\" src=\"https:\/\/i0.wp.com\/www.lamazelle.be\/wp-content\/uploads\/2024\/02\/divers-075.jpg?resize=610%2C458&#038;ssl=1\" alt=\"\" width=\"610\" height=\"458\" srcset=\"https:\/\/i0.wp.com\/www.lamazelle.be\/wp-content\/uploads\/2024\/02\/divers-075.jpg?w=768&amp;ssl=1 768w, https:\/\/i0.wp.com\/www.lamazelle.be\/wp-content\/uploads\/2024\/02\/divers-075.jpg?resize=300%2C225&amp;ssl=1 300w, https:\/\/i0.wp.com\/www.lamazelle.be\/wp-content\/uploads\/2024\/02\/divers-075.jpg?resize=400%2C300&amp;ssl=1 400w\" sizes=\"auto, (max-width: 610px) 100vw, 610px\" data-recalc-dims=\"1\" \/><\/p>\r\n<h6 style=\"text-align: center;\"><span style=\"color: #000000;\"><strong><\/strong><\/span><\/h6>","protected":false},"excerpt":{"rendered":"<p>La Mazelle, c&rsquo;\u00e9tait, depuis 2002 jusqu&rsquo;aux premiers mois de l&rsquo;an 2020, une histoire de vignerons inlassablement \u00e0 la recherche de l&rsquo;excellence, une folle aventure, riche de toutes les personnalit\u00e9s qui l&rsquo;ont v\u00e9cue et l&rsquo;ont rendue possible, un projet g\u00e9n\u00e9reux aux vis\u00e9es \u00e9ducatives, sociales et humanitaires. C&rsquo;\u00e9tait un vignoble, plant\u00e9 au c\u0153ur d&rsquo;un magnifique domaine . [&hellip;]<\/p>\n","protected":false},"author":1,"featured_media":0,"parent":0,"menu_order":0,"comment_status":"closed","ping_status":"closed","template":"","meta":{"_sitemap_exclude":false,"_sitemap_priority":"","_sitemap_frequency":"","ngg_post_thumbnail":0,"footnotes":""},"class_list":["post-2410","page","type-page","status-publish","hentry"],"jetpack_sharing_enabled":true,"_links":{"self":[{"href":"https:\/\/www.lamazelle.be\/index.php?rest_route=\/wp\/v2\/pages\/2410","targetHints":{"allow":["GET"]}}],"collection":[{"href":"https:\/\/www.lamazelle.be\/index.php?rest_route=\/wp\/v2\/pages"}],"about":[{"href":"https:\/\/www.lamazelle.be\/index.php?rest_route=\/wp\/v2\/types\/page"}],"author":[{"embeddable":true,"href":"https:\/\/www.lamazelle.be\/index.php?rest_route=\/wp\/v2\/users\/1"}],"replies":[{"embeddable":true,"href":"https:\/\/www.lamazelle.be\/index.php?rest_route=%2Fwp%2Fv2%2Fcomments&post=2410"}],"version-history":[{"count":29,"href":"https:\/\/www.lamazelle.be\/index.php?rest_route=\/wp\/v2\/pages\/2410\/revisions"}],"predecessor-version":[{"id":4360,"href":"https:\/\/www.lamazelle.be\/index.php?rest_route=\/wp\/v2\/pages\/2410\/revisions\/4360"}],"wp:attachment":[{"href":"https:\/\/www.lamazelle.be\/index.php?rest_route=%2Fwp%2Fv2%2Fmedia&parent=2410"}],"curies":[{"name":"wp","href":"https:\/\/api.w.org\/{rel}","templated":true}]}}