{"id":2272,"date":"2023-03-31T11:23:36","date_gmt":"2023-03-31T10:23:36","guid":{"rendered":"https:\/\/www.lamazelle.be\/?page_id=2272"},"modified":"2024-02-21T19:36:53","modified_gmt":"2024-02-21T18:36:53","slug":"visites-2","status":"publish","type":"page","link":"https:\/\/www.lamazelle.be\/?page_id=2272","title":{"rendered":"Visites guid\u00e9es"},"content":{"rendered":"\r\n<figure class=\"wp-block-gallery-1 is-layout-flex wp-block-gallery-is-layout-flex\"><span style=\"color: #ffffff;\"><span style=\"color: #ffffff;\"><img decoding=\"async\" class=\"wp-image-2365\" src=\"https:\/\/i0.wp.com\/www.lamazelle.be\/wp-content\/uploads\/BAS_1371-1024x682.jpg?resize=610%2C406&#038;ssl=1\" alt=\"\" data-id=\"2365\" data-link=\"https:\/\/www.lamazelle.be\/visites-2\/bas_1371\/\" data-recalc-dims=\"1\"><\/span><\/span>\r\n<div id=\"attachment_3286\" style=\"width: 610px\" class=\"wp-caption aligncenter\"><img loading=\"lazy\" decoding=\"async\" aria-describedby=\"caption-attachment-3286\" class=\"wp-image-3286\" style=\"font-weight: bold; background-color: #f1f1f1; text-align: center;\" src=\"https:\/\/i0.wp.com\/www.lamazelle.be\/wp-content\/uploads\/2024\/02\/BAS_1371-1024x682-2.jpg?resize=600%2C400&#038;ssl=1\" alt=\"\" width=\"600\" height=\"400\" srcset=\"https:\/\/i0.wp.com\/www.lamazelle.be\/wp-content\/uploads\/2024\/02\/BAS_1371-1024x682-2.jpg?resize=300%2C200&amp;ssl=1 300w, https:\/\/i0.wp.com\/www.lamazelle.be\/wp-content\/uploads\/2024\/02\/BAS_1371-1024x682-2.jpg?resize=768%2C512&amp;ssl=1 768w, https:\/\/i0.wp.com\/www.lamazelle.be\/wp-content\/uploads\/2024\/02\/BAS_1371-1024x682-2.jpg?w=1024&amp;ssl=1 1024w\" sizes=\"auto, (max-width: 600px) 100vw, 600px\" data-recalc-dims=\"1\" \/><p id=\"caption-attachment-3286\" class=\"wp-caption-text\"><span style=\"color: #ffffff;\">Polyomatus icarus (Lycaenidae &#8211; Lepidoptera) &#8211; Azur\u00e9 commun <\/span><\/p><\/div>\r\n<\/figure>\r\n<p style=\"text-align: center;\"><span style=\"color: #ffffff;\">\r\n\r\n<\/span><\/p>\r\n<h6 style=\"text-align: center;\"><span style=\"color: #ffffff;\">Nous aimons partager et faire d\u00e9couvrir notre \u00e9crin de nature. Nous sommes attentifs \u00e0 enseigner \u00e0 toutes les g\u00e9n\u00e9rations ce qu&rsquo;implique la sauvegarde d&rsquo;un patrimoine naturel, les soins attentifs qu&rsquo;elle exige, l&rsquo;infini respect que nous imposent toutes ses composantes (for\u00eat, faune, flore, &#8230;) pour lui permettre un \u00e9panouissement harmonieux.<\/span><\/h6>\r\n<h6 style=\"text-align: center;\"><span style=\"color: #ffffff;\">C&rsquo;est avec grand plaisir que nous accueillons, sur rendez-vous, des groupes d&rsquo;au minimum 10 personnes pour une promenade guid\u00e9e. Le parcours est adapt\u00e9 au rythme des saisons.&nbsp;<\/span><\/h6>\r\n<h6 style=\"text-align: center;\"><span style=\"color: #ffffff;\">\r\n\r\n<\/span><\/h6>\r\n<h6 style=\"text-align: center;\"><span style=\"color: #ffffff;\">Nous accueillons avec joie les groupes scolaires et les familles avec enfants.&nbsp;<\/span><\/h6>\r\n<h6 style=\"text-align: center;\"><span style=\"color: #ffffff;\">Vous souhaitez poser le jour de votre mariage \u00e0 La Mazelle devant l&rsquo;objectif de votre photographe ? Venez nous voir au pr\u00e9alable (sur rendez-vous) pour pr\u00e9parer ce grand jour.<\/span><\/h6>\r\n<p style=\"text-align: center;\"><span style=\"color: #ffffff;\">\r\n\r\n<\/span><\/p>\r\n<figure class=\"wp-block-gallery-2 is-layout-flex wp-block-gallery-is-layout-flex\"><\/figure>\r\n<p style=\"text-align: center;\"><span style=\"color: #ffffff;\">\r\n\r\n<\/span><\/p>\r\n<h6 style=\"text-align: center;\"><span style=\"color: #ffffff;\">A notre grand regret, les exigences d&rsquo;une gestion \u00e9quilibr\u00e9e de notre domaine, dans le respect de la nature, ne nous permettent plus d&rsquo;accueillir des parcours de marches ou de VTT, comme nous l&rsquo;avons fait de nombreuses fois par le pass\u00e9.<\/span><\/h6>\r\n<h6><span style=\"color: #ffffff;\">\r\n\r\n<\/span><\/h6>\r\n<h6 class=\"has-small-font-size\" style=\"text-align: center;\"><span style=\"color: #000000;\"><span style=\"color: #ffffff;\">Renseignements : Th\u00e9r\u00e8se de Radzitzky &#8211; +32 (0)474 51 36 36 &#8211;<\/span><span style=\"color: #00ffff;\"> <a style=\"color: #00ffff;\" href=\"gestion@lamazelle.be\">gestion@lamazelle.be<\/a><\/span><\/span><\/h6>\r\n<p><span style=\"color: #000000;\">\r\n\r\n<\/span><\/p>\r\n<h6 style=\"text-align: center;\"><span style=\"color: #000000;\">\r\n\r\n<\/span><\/h6>\r\n<h6 class=\"mceTemp wp-block-gallery-3 is-layout-flex wp-block-gallery-is-layout-flex\">&nbsp;<\/h6>\r\n<h6 style=\"text-align: center;\"><span style=\"color: #000000;\">\r\n\r\n<\/span><\/h6>\r\n<h6 class=\"wp-block-gallery-4 is-layout-flex wp-block-gallery-is-layout-flex\"><img loading=\"lazy\" decoding=\"async\" class=\"wp-image-2710 aligncenter\" src=\"https:\/\/i0.wp.com\/www.lamazelle.be\/wp-content\/uploads\/2024\/02\/BAS_3806-1.jpg?resize=605%2C403&#038;ssl=1\" alt=\"\" width=\"605\" height=\"403\" srcset=\"https:\/\/i0.wp.com\/www.lamazelle.be\/wp-content\/uploads\/2024\/02\/BAS_3806-1.jpg?resize=300%2C200&amp;ssl=1 300w, https:\/\/i0.wp.com\/www.lamazelle.be\/wp-content\/uploads\/2024\/02\/BAS_3806-1.jpg?resize=768%2C512&amp;ssl=1 768w, https:\/\/i0.wp.com\/www.lamazelle.be\/wp-content\/uploads\/2024\/02\/BAS_3806-1.jpg?w=1024&amp;ssl=1 1024w\" sizes=\"auto, (max-width: 605px) 100vw, 605px\" data-recalc-dims=\"1\" \/><\/h6>\r\n<p>&nbsp;<\/p>\r\n<figure><\/figure>\r\n<p style=\"text-align: center;\"><span style=\"color: #ffffff;\">\r\n\r\n<\/span><\/p>\r\n<p><img loading=\"lazy\" decoding=\"async\" class=\"wp-image-3249 aligncenter\" src=\"https:\/\/i0.wp.com\/www.lamazelle.be\/wp-content\/uploads\/2024\/02\/BAS_0758-1024x682-1.jpg?resize=604%2C402&#038;ssl=1\" alt=\"\" width=\"604\" height=\"402\" srcset=\"https:\/\/i0.wp.com\/www.lamazelle.be\/wp-content\/uploads\/2024\/02\/BAS_0758-1024x682-1.jpg?w=1024&amp;ssl=1 1024w, https:\/\/i0.wp.com\/www.lamazelle.be\/wp-content\/uploads\/2024\/02\/BAS_0758-1024x682-1.jpg?resize=300%2C200&amp;ssl=1 300w, https:\/\/i0.wp.com\/www.lamazelle.be\/wp-content\/uploads\/2024\/02\/BAS_0758-1024x682-1.jpg?resize=768%2C512&amp;ssl=1 768w\" sizes=\"auto, (max-width: 604px) 100vw, 604px\" data-recalc-dims=\"1\" \/><\/p>\r\n<p style=\"text-align: center;\">&nbsp;<\/p>\r\n<p style=\"text-align: center;\"><img loading=\"lazy\" decoding=\"async\" class=\"wp-image-2667 alignnone\" src=\"https:\/\/i0.wp.com\/www.lamazelle.be\/wp-content\/uploads\/2024\/02\/BAS_0956-2-1024x682-1.jpg?resize=605%2C403&#038;ssl=1\" alt=\"\" width=\"605\" height=\"403\" srcset=\"https:\/\/i0.wp.com\/www.lamazelle.be\/wp-content\/uploads\/2024\/02\/BAS_0956-2-1024x682-1.jpg?resize=300%2C200&amp;ssl=1 300w, https:\/\/i0.wp.com\/www.lamazelle.be\/wp-content\/uploads\/2024\/02\/BAS_0956-2-1024x682-1.jpg?resize=768%2C512&amp;ssl=1 768w, https:\/\/i0.wp.com\/www.lamazelle.be\/wp-content\/uploads\/2024\/02\/BAS_0956-2-1024x682-1.jpg?w=1024&amp;ssl=1 1024w\" sizes=\"auto, (max-width: 605px) 100vw, 605px\" data-recalc-dims=\"1\" \/><\/p>\r\n<p class=\"has-small-font-size\" style=\"text-align: center;\">&nbsp;<\/p>\r\n\r\n<div id=\"ConnectiveDocSignExtentionInstalled\" data-extension-version=\"1.0.4\">&nbsp;<\/div>","protected":false},"excerpt":{"rendered":"<p>Nous aimons partager et faire d\u00e9couvrir notre \u00e9crin de nature. Nous sommes attentifs \u00e0 enseigner \u00e0 toutes les g\u00e9n\u00e9rations ce qu&rsquo;implique la sauvegarde d&rsquo;un patrimoine naturel, les soins attentifs qu&rsquo;elle exige, l&rsquo;infini respect que nous imposent toutes ses composantes (for\u00eat, faune, flore, &#8230;) pour lui permettre un \u00e9panouissement harmonieux. C&rsquo;est avec grand plaisir que nous [&hellip;]<\/p>\n","protected":false},"author":1,"featured_media":0,"parent":0,"menu_order":4,"comment_status":"closed","ping_status":"closed","template":"","meta":{"_sitemap_exclude":false,"_sitemap_priority":"","_sitemap_frequency":"","ngg_post_thumbnail":0,"footnotes":""},"class_list":["post-2272","page","type-page","status-publish","hentry"],"jetpack_sharing_enabled":true,"_links":{"self":[{"href":"https:\/\/www.lamazelle.be\/index.php?rest_route=\/wp\/v2\/pages\/2272","targetHints":{"allow":["GET"]}}],"collection":[{"href":"https:\/\/www.lamazelle.be\/index.php?rest_route=\/wp\/v2\/pages"}],"about":[{"href":"https:\/\/www.lamazelle.be\/index.php?rest_route=\/wp\/v2\/types\/page"}],"author":[{"embeddable":true,"href":"https:\/\/www.lamazelle.be\/index.php?rest_route=\/wp\/v2\/users\/1"}],"replies":[{"embeddable":true,"href":"https:\/\/www.lamazelle.be\/index.php?rest_route=%2Fwp%2Fv2%2Fcomments&post=2272"}],"version-history":[{"count":10,"href":"https:\/\/www.lamazelle.be\/index.php?rest_route=\/wp\/v2\/pages\/2272\/revisions"}],"predecessor-version":[{"id":3736,"href":"https:\/\/www.lamazelle.be\/index.php?rest_route=\/wp\/v2\/pages\/2272\/revisions\/3736"}],"wp:attachment":[{"href":"https:\/\/www.lamazelle.be\/index.php?rest_route=%2Fwp%2Fv2%2Fmedia&parent=2272"}],"curies":[{"name":"wp","href":"https:\/\/api.w.org\/{rel}","templated":true}]}}